{"id":57,"date":"2017-12-05T21:28:20","date_gmt":"2017-12-05T20:28:20","guid":{"rendered":"http:\/\/wpress.prologism.fr\/?page_id=57"},"modified":"2023-10-06T08:17:18","modified_gmt":"2023-10-06T06:17:18","slug":"les-prologistes","status":"publish","type":"page","link":"https:\/\/prologism-bckp.fr\/index.php\/les-prologistes\/","title":{"rendered":"Les Prologistes"},"content":{"rendered":"<p>[et_pb_section fb_built=\u00a0\u00bb1&Prime; admin_label=\u00a0\u00bbsection\u00a0\u00bb _builder_version=\u00a0\u00bb4.16&Prime; custom_padding=\u00a0\u00bb0px|0px|54px|0px\u00a0\u00bb global_colors_info=\u00a0\u00bb{}\u00a0\u00bb][et_pb_row column_structure=\u00a0\u00bb1_3,2_3&Prime; _builder_version=\u00a0\u00bb4.16&Prime; global_colors_info=\u00a0\u00bb{}\u00a0\u00bb][et_pb_column type=\u00a0\u00bb1_3&Prime; _builder_version=\u00a0\u00bb4.16&Prime; custom_padding=\u00a0\u00bb|||\u00a0\u00bb global_colors_info=\u00a0\u00bb{}\u00a0\u00bb custom_padding__hover=\u00a0\u00bb|||\u00a0\u00bb][et_pb_image src=\u00a0\u00bbhttps:\/\/www.prologism.fr\/wp-content\/uploads\/2018\/02\/prologistes.png\u00a0\u00bb align=\u00a0\u00bbright\u00a0\u00bb align_tablet=\u00a0\u00bbcenter\u00a0\u00bb align_phone=\u00a0\u00bbcenter\u00a0\u00bb align_last_edited=\u00a0\u00bbon|desktop\u00a0\u00bb _builder_version=\u00a0\u00bb4.16&Prime; box_shadow_style=\u00a0\u00bbpreset2&Prime; global_colors_info=\u00a0\u00bb{}\u00a0\u00bb][\/et_pb_image][\/et_pb_column][et_pb_column type=\u00a0\u00bb2_3&Prime; _builder_version=\u00a0\u00bb4.16&Prime; custom_padding=\u00a0\u00bb|||\u00a0\u00bb global_colors_info=\u00a0\u00bb{}\u00a0\u00bb custom_padding__hover=\u00a0\u00bb|||\u00a0\u00bb][et_pb_text _builder_version=\u00a0\u00bb4.16&Prime; global_colors_info=\u00a0\u00bb{}\u00a0\u00bb]<\/p>\n<h3>Quelques\u00a0<strong><span style=\"color: #027980;\">Prologistes&#8230;<\/span><\/strong><\/h3>\n<h3>Tous diff\u00e9rents,<\/h3>\n<h3>Tous <span style=\"font-size: 22px; color: #027980;\"><strong>experts<\/strong><\/span>.<\/h3>\n<h3>Anim\u00e9s par les\u00a0<span style=\"color: #027980;\"><strong>m\u00eames valeurs<\/strong><\/span>.<\/h3>\n<h3><\/h3>\n<p>[\/et_pb_text][\/et_pb_column][\/et_pb_row][et_pb_row column_structure=\u00a0\u00bb1_2,1_2&Prime; admin_label=\u00a0\u00bbrow\u00a0\u00bb _builder_version=\u00a0\u00bb4.16&Prime; background_size=\u00a0\u00bbinitial\u00a0\u00bb background_position=\u00a0\u00bbtop_left\u00a0\u00bb background_repeat=\u00a0\u00bbrepeat\u00a0\u00bb global_colors_info=\u00a0\u00bb{}\u00a0\u00bb][et_pb_column type=\u00a0\u00bb1_2&Prime; _builder_version=\u00a0\u00bb4.16&Prime; custom_padding=\u00a0\u00bb|||\u00a0\u00bb global_colors_info=\u00a0\u00bb{}\u00a0\u00bb custom_padding__hover=\u00a0\u00bb|||\u00a0\u00bb][et_pb_blurb image=\u00a0\u00bbhttps:\/\/www.prologism.fr\/wp-content\/uploads\/2018\/09\/candry.png\u00a0\u00bb _builder_version=\u00a0\u00bb4.16&Prime; global_colors_info=\u00a0\u00bb{}\u00a0\u00bb]<\/p>\n<h4><span style=\"color: #09b0bb;\"><b>C\u00e9dric A.<\/b><\/span><\/h4>\n<p><strong><span style=\"color: #027980;\">Senior DevOps Architect | Associ\u00e9<\/span><\/strong><\/p>\n<p style=\"text-align: justify;\">C\u00e9dric rejoint sa tribu en 2006 en tant qu\u2019expert JEE et se sp\u00e9cialise rapidement dans\u00a0<b>l&rsquo;industrialisation<\/b>\u00a0du d\u00e9ploiement socle technique et applicatif. Au gr\u00e8 de ses missions, qu&rsquo;il appr\u00e9cie plus particuli\u00e8rement en \u00e9quipe, il d\u00e9couvre la puissance de la\u00a0<b>m\u00e9trologie<\/b>\u00a0pour maitriser la QoS et trouve finalement sa voie dans le\u00a0<b>DevOps<\/b>.<\/p>\n<p>[\/et_pb_blurb][\/et_pb_column][et_pb_column type=\u00a0\u00bb1_2&Prime; _builder_version=\u00a0\u00bb4.16&Prime; custom_padding=\u00a0\u00bb|||\u00a0\u00bb global_colors_info=\u00a0\u00bb{}\u00a0\u00bb custom_padding__hover=\u00a0\u00bb|||\u00a0\u00bb][et_pb_blurb image=\u00a0\u00bbhttps:\/\/www.prologism.fr\/wp-content\/uploads\/2018\/01\/jposcente.png\u00a0\u00bb _builder_version=\u00a0\u00bb4.16&Prime; global_colors_info=\u00a0\u00bb{}\u00a0\u00bb]<\/p>\n<h4 style=\"text-align: left;\"><span style=\"color: #09b0bb;\"><strong>Jos\u00e9 P.<\/strong><\/span><\/h4>\n<p style=\"text-align: left;\"><strong><span style=\"color: #027980;\">Senior DevOps Architect\u00a0| Associ\u00e9<\/span><\/strong><\/p>\n<p style=\"text-align: justify;\">Jos\u00e9 rejoint la communaut\u00e9 de Geeks en 2008 en tant qu&rsquo;expert en <strong>industrialisation du d\u00e9ploiement d&rsquo;applications<\/strong>. Amoureux de la belle technique et du <strong>travail en \u00e9quipe<\/strong>, il est pass\u00e9 ma\u00eetre dans l&rsquo;art de<strong> f\u00e9d\u00e9rer les tribus<\/strong> autour d&rsquo;un m\u00eame objectif. Il peut donc accompagner <strong>sereinement<\/strong> ses clients vers leurs nouveaux challenges <strong>DevOps, Cloud <\/strong>ou <strong>Big Data<\/strong>.<\/p>\n<p>[\/et_pb_blurb][\/et_pb_column][\/et_pb_row][et_pb_row column_structure=\u00a0\u00bb1_2,1_2&Prime; admin_label=\u00a0\u00bbrow\u00a0\u00bb _builder_version=\u00a0\u00bb4.16&Prime; background_size=\u00a0\u00bbinitial\u00a0\u00bb background_position=\u00a0\u00bbtop_left\u00a0\u00bb background_repeat=\u00a0\u00bbrepeat\u00a0\u00bb global_colors_info=\u00a0\u00bb{}\u00a0\u00bb][et_pb_column type=\u00a0\u00bb1_2&Prime; _builder_version=\u00a0\u00bb4.16&Prime; custom_padding=\u00a0\u00bb|||\u00a0\u00bb global_colors_info=\u00a0\u00bb{}\u00a0\u00bb custom_padding__hover=\u00a0\u00bb|||\u00a0\u00bb][et_pb_blurb image=\u00a0\u00bbhttps:\/\/www.prologism.fr\/wp-content\/uploads\/2018\/03\/lbarsamian.png\u00a0\u00bb _builder_version=\u00a0\u00bb4.16&Prime; global_colors_info=\u00a0\u00bb{}\u00a0\u00bb]<\/p>\n<h4><strong><span style=\"color: #09b0bb;\">L\u00e9on B.<\/span><\/strong><\/h4>\n<h4><strong><span style=\"color: #027980; font-size: 14px;\">Tech Lead | Senior Developer | DevOps<\/span><\/strong><\/h4>\n<p style=\"text-align: justify;\">Il r\u00e9alise ses premiers projets en tant que developer FullStack. A pr\u00e9sent chez Prologism, il op\u00e8re en tant que <strong>Tech Lead<\/strong> ou Senior Developer. Son go\u00fbt pour l&rsquo;<strong>Agilit\u00e9<\/strong>, ses comp\u00e9tences <strong>DevOps<\/strong> et sa passion pour le <strong>Test<\/strong>\u00a0lui permettent de concevoir et d\u00e9velopper des\u00a0outils pour <strong>faciliter le travail<\/strong> quotidien des \u00e9quipes op\u00e9rationnelles.<\/p>\n<p>[\/et_pb_blurb][\/et_pb_column][et_pb_column type=\u00a0\u00bb1_2&Prime; _builder_version=\u00a0\u00bb4.16&Prime; custom_padding=\u00a0\u00bb|||\u00a0\u00bb global_colors_info=\u00a0\u00bb{}\u00a0\u00bb custom_padding__hover=\u00a0\u00bb|||\u00a0\u00bb][et_pb_blurb image=\u00a0\u00bbhttps:\/\/www.prologism.fr\/wp-content\/uploads\/2018\/02\/gmanche.png\u00a0\u00bb _builder_version=\u00a0\u00bb4.16&Prime; global_colors_info=\u00a0\u00bb{}\u00a0\u00bb]<\/p>\n<h4><span style=\"color: #09b0bb;\"><b>Gabriel M.<\/b><\/span><\/h4>\n<p><strong><span style=\"color: #027980;\">CTO | Associ\u00e9<\/span><\/strong><\/p>\n<p style=\"text-align: justify;\">Apr\u00e8s plusieurs ann\u00e9es dans le d\u00e9veloppement logiciel multi langages, il int\u00e8gre Prologism en 2011 pour rejoindre notre \u00e9quipe d&rsquo;<strong>experts techniques<\/strong> en charge d&rsquo;une application de finance Front2Back critique. Tr\u00e9s attach\u00e9 \u00e0 Gabriel, le client lui confie ensuite un<strong> r\u00f4le pionnier<\/strong> au sein de la <strong>Core Team Big Data<\/strong> dans le cadre de sa Transformation Digitale.<\/p>\n<p>[\/et_pb_blurb][\/et_pb_column][\/et_pb_row][et_pb_row column_structure=\u00a0\u00bb1_2,1_2&Prime; _builder_version=\u00a0\u00bb4.16&Prime; global_colors_info=\u00a0\u00bb{}\u00a0\u00bb][et_pb_column type=\u00a0\u00bb1_2&Prime; _builder_version=\u00a0\u00bb4.16&Prime; custom_padding=\u00a0\u00bb|||\u00a0\u00bb global_colors_info=\u00a0\u00bb{}\u00a0\u00bb custom_padding__hover=\u00a0\u00bb|||\u00a0\u00bb][et_pb_blurb image=\u00a0\u00bbhttps:\/\/www.prologism.fr\/wp-content\/uploads\/2018\/02\/nchoungmofofack.png\u00a0\u00bb _builder_version=\u00a0\u00bb4.16&Prime; global_colors_info=\u00a0\u00bb{}\u00a0\u00bb]<\/p>\n<h4><strong><span style=\"color: #09b0bb;\">Nicaise C.<\/span><\/strong><\/h4>\n<h4><strong><span style=\"color: #027980; font-size: 14px;\">Data Scientist Lead<\/span><\/strong><\/h4>\n<p style=\"text-align: justify;\">C&rsquo;est dans le cadre de son doctorat \u00e0 l&rsquo;<strong>INRIA<\/strong> sur la mod\u00e9lisation probabiliste des performances des caches de donn\u00e9es qu&rsquo;il explore pour la premi\u00e8re fois les technologies de l&rsquo;\u00e9cosyst\u00e8me <strong>Hadoop<\/strong> et les algorithmes de <strong>Machine Learning<\/strong>. Aujourd&rsquo;hui, Il accompagne nos clients dans la mise en oeuvre des infrastructures Big Data vers l&rsquo;analyse et l&rsquo;<strong>exploitation des donn\u00e9es<\/strong>.<\/p>\n<p>[\/et_pb_blurb][\/et_pb_column][et_pb_column type=\u00a0\u00bb1_2&Prime; _builder_version=\u00a0\u00bb4.16&Prime; custom_padding=\u00a0\u00bb|||\u00a0\u00bb global_colors_info=\u00a0\u00bb{}\u00a0\u00bb custom_padding__hover=\u00a0\u00bb|||\u00a0\u00bb][et_pb_blurb image=\u00a0\u00bbhttps:\/\/www.prologism.fr\/wp-content\/uploads\/2018\/02\/dhannappe.png\u00a0\u00bb _builder_version=\u00a0\u00bb4.16&Prime; global_colors_info=\u00a0\u00bb{}\u00a0\u00bb]<\/p>\n<h4><span style=\"color: #09b0bb;\"><strong>David H.<\/strong><\/span><\/h4>\n<p><strong><span style=\"color: #027980;\">Tech Lead | Scrum Master | Associ\u00e9<\/span><\/strong><\/p>\n<p style=\"text-align: justify;\">Entr\u00e9 en 2003 chez Prologism en tant qu&rsquo;expert\u00a0<strong>JEE<\/strong>, David intervient \u00e0 pr\u00e9sent la plupart du temps en ta<span style=\"color: #666666;\">n<\/span>t que Tech Lead. <strong>Certifi\u00e9 Scrum Master<\/strong> et <strong>Cloudera Hadoop Developer<\/strong>, son projet id\u00e9al conjugue technologies <strong>Big Data<\/strong> et <strong>Agilit\u00e9<\/strong>. Adepte du <strong>KISS<\/strong>, vous l&rsquo;entendrez souvent dire<span style=\"color: #027980;\">\u00a0<span style=\"font-size: 14px; color: #666666;\"><span style=\"text-align: left;\">\u00ab\u00a0Une bonne solution est une solution simple\u00a0\u00bb<\/span><strong><span style=\"text-align: left;\">.<\/span><\/strong><\/span><\/span><\/p>\n<p>[\/et_pb_blurb][\/et_pb_column][\/et_pb_row][et_pb_row column_structure=\u00a0\u00bb1_2,1_2&Prime; admin_label=\u00a0\u00bbrow\u00a0\u00bb _builder_version=\u00a0\u00bb4.16&Prime; background_size=\u00a0\u00bbinitial\u00a0\u00bb background_position=\u00a0\u00bbtop_left\u00a0\u00bb background_repeat=\u00a0\u00bbrepeat\u00a0\u00bb global_colors_info=\u00a0\u00bb{}\u00a0\u00bb][et_pb_column type=\u00a0\u00bb1_2&Prime; _builder_version=\u00a0\u00bb4.16&Prime; custom_padding=\u00a0\u00bb|||\u00a0\u00bb global_colors_info=\u00a0\u00bb{}\u00a0\u00bb custom_padding__hover=\u00a0\u00bb|||\u00a0\u00bb][et_pb_blurb image=\u00a0\u00bbhttps:\/\/www.prologism.fr\/wp-content\/uploads\/2018\/03\/nselmane.png\u00a0\u00bb _builder_version=\u00a0\u00bb4.16&Prime; global_colors_info=\u00a0\u00bb{}\u00a0\u00bb]<\/p>\n<h4><strong><span style=\"color: #09b0bb;\">Nacer S.<\/span><\/strong><\/h4>\n<h4><strong><span style=\"color: #027980; font-size: 14px;\">Developer Hadoop Ecosystem<\/span><\/strong><\/h4>\n<p style=\"text-align: justify;\">Il entre en sc\u00e8ne chez Prologism dans le cadre d&rsquo;un stage de Master 2 sp\u00e9cialit\u00e9 Big Data sur un de nos <strong>projets R&amp;D<\/strong> visant \u00e0 proposer une contribution \u00e0 la communaut\u00e9 <strong>OpenSource Hive<\/strong>. Sa ma\u00eetrise de l&rsquo;\u00e9cosyst\u00e8me Hadoop, de Spark et des langages de d\u00e9veloppement associ\u00e9s en font aujourd&rsquo;hui un acteur important des projets Big Data <strong>\u00ab\u00a0Grandeur Nature\u00a0\u00bb<\/strong> chez nos clients.<\/p>\n<p>[\/et_pb_blurb][\/et_pb_column][et_pb_column type=\u00a0\u00bb1_2&Prime; _builder_version=\u00a0\u00bb4.16&Prime; custom_padding=\u00a0\u00bb|||\u00a0\u00bb global_colors_info=\u00a0\u00bb{}\u00a0\u00bb custom_padding__hover=\u00a0\u00bb|||\u00a0\u00bb][et_pb_blurb image=\u00a0\u00bbhttps:\/\/www.prologism.fr\/wp-content\/uploads\/2020\/01\/mmizi.jpg\u00a0\u00bb _builder_version=\u00a0\u00bb4.16&Prime; global_colors_info=\u00a0\u00bb{}\u00a0\u00bb]<\/p>\n<h4><strong><span style=\"color: #09b0bb;\">Manuel M.<\/span><\/strong><\/h4>\n<h4><strong><span style=\"color: #027980; font-size: 14px;\">C++ Ex<span style=\"color: #027980;\">pert<\/span><\/span><\/strong><\/h4>\n<p style=\"text-align: justify;\">Apr\u00e8s avoir travaill\u00e9 dans plusieurs domaines en tant que d\u00e9veloppeur logiciel <strong>multi-langages<\/strong>, Manuel rejoint notre \u00e9quipe d\u2019experts techniques en 2018. Ayant un go\u00fbt prononc\u00e9 pour le <strong>multi-threading<\/strong>, il est d&rsquo;une efficacit\u00e9 hors pair pour les <strong>algorithmes complexes<\/strong> et intervient chez nos clients sur les applications critiques et temps r\u00e9el.<br \/>\nA toute fin utile il ma\u00eetrise aussi les conditions de vie de l&rsquo;iguane en milieu urbain\u2026<\/p>\n<p>[\/et_pb_blurb][\/et_pb_column][\/et_pb_row][et_pb_row column_structure=\u00a0\u00bb1_2,1_2&Prime; _builder_version=\u00a0\u00bb4.16&Prime; global_colors_info=\u00a0\u00bb{}\u00a0\u00bb][et_pb_column type=\u00a0\u00bb1_2&Prime; _builder_version=\u00a0\u00bb4.16&Prime; custom_padding=\u00a0\u00bb|||\u00a0\u00bb global_colors_info=\u00a0\u00bb{}\u00a0\u00bb custom_padding__hover=\u00a0\u00bb|||\u00a0\u00bb][et_pb_blurb image=\u00a0\u00bbhttps:\/\/www.prologism.fr\/wp-content\/uploads\/2020\/02\/mlatimier.png\u00a0\u00bb _builder_version=\u00a0\u00bb4.16&Prime; global_colors_info=\u00a0\u00bb{}\u00a0\u00bb]<\/p>\n<h4><strong><span style=\"color: #09b0bb;\">Mathieu L.<\/span><\/strong><\/h4>\n<h4><strong><span style=\"color: #027980; font-size: 14px;\">Full Stack Developer | DevOps<\/span><\/strong><\/h4>\n<p style=\"font-weight: 400;\">Dipl\u00f4m\u00e9 d&rsquo;un master en <strong>s\u00e9curit\u00e9 des syst\u00e8mes informatiques<\/strong>, Mathieu\u00a0s\u2019est pris de passion pour le <strong>d\u00e9veloppement d&rsquo;applications critiques<\/strong> en rejoignant Prologism en 2015.\u00a0Aujourd&rsquo;hui, sa double comp\u00e9tence lui permet de contribuer \u00e0 diff\u00e9rents type de projets, aussi bien en d\u00e9veloppement, en op\u00e9rationnel, en s\u00e9curit\u00e9 ou en industrialisation.\u00a0Il aime <strong>mener les projets de bout en bout et participer \u00e0 chaque phase du projet<\/strong> comme tout DevOps qui se respecte.<\/p>\n<p style=\"font-weight: 400;\">\u00c9galement passionn\u00e9 de voyages, il parcourt le globe \u00e0 la moindre occasion,\u00a0notamment pour les grandes comp\u00e9titions sportives internationales\u00a0!<\/p>\n<p>[\/et_pb_blurb][\/et_pb_column][et_pb_column type=\u00a0\u00bb1_2&Prime; _builder_version=\u00a0\u00bb4.16&Prime; custom_padding=\u00a0\u00bb|||\u00a0\u00bb global_colors_info=\u00a0\u00bb{}\u00a0\u00bb custom_padding__hover=\u00a0\u00bb|||\u00a0\u00bb][\/et_pb_column][\/et_pb_row][et_pb_row column_structure=\u00a0\u00bb1_2&Prime; admin_label=\u00a0\u00bbrow\u00a0\u00bb _builder_version=\u00a0\u00bb4.16&Prime; background_size=\u00a0\u00bbinitial\u00a0\u00bb background_position=\u00a0\u00bbtop_left\u00a0\u00bb background_repeat=\u00a0\u00bbrepeat\u00a0\u00bb global_colors_info=\u00a0\u00bb{}\u00a0\u00bb][et_pb_column type=\u00a0\u00bb1_2&Prime; _builder_version=\u00a0\u00bb4.16&Prime; custom_padding=\u00a0\u00bb|||\u00a0\u00bb global_colors_info=\u00a0\u00bb{}\u00a0\u00bb custom_padding__hover=\u00a0\u00bb|||\u00a0\u00bb][\/et_pb_column][\/et_pb_row][\/et_pb_section]<\/p>\n","protected":false},"excerpt":{"rendered":"<p>Quelques\u00a0Prologistes&#8230; Tous diff\u00e9rents, Tous experts. Anim\u00e9s par les\u00a0m\u00eames valeurs. C\u00e9dric A. Senior DevOps Architect | Associ\u00e9 C\u00e9dric rejoint sa tribu en 2006 en tant qu\u2019expert JEE et se sp\u00e9cialise rapidement dans\u00a0l&rsquo;industrialisation\u00a0du d\u00e9ploiement socle technique et applicatif. Au gr\u00e8 de ses missions, qu&rsquo;il appr\u00e9cie plus particuli\u00e8rement en \u00e9quipe, il d\u00e9couvre la puissance de la\u00a0m\u00e9trologie\u00a0pour maitriser la [&hellip;]<\/p>\n","protected":false},"author":1,"featured_media":0,"parent":0,"menu_order":0,"comment_status":"closed","ping_status":"closed","template":"","meta":{"_et_pb_use_builder":"on","_et_pb_old_content":"","_et_gb_content_width":"","footnotes":""},"class_list":["post-57","page","type-page","status-publish","hentry"],"_links":{"self":[{"href":"https:\/\/prologism-bckp.fr\/index.php\/wp-json\/wp\/v2\/pages\/57","targetHints":{"allow":["GET"]}}],"collection":[{"href":"https:\/\/prologism-bckp.fr\/index.php\/wp-json\/wp\/v2\/pages"}],"about":[{"href":"https:\/\/prologism-bckp.fr\/index.php\/wp-json\/wp\/v2\/types\/page"}],"author":[{"embeddable":true,"href":"https:\/\/prologism-bckp.fr\/index.php\/wp-json\/wp\/v2\/users\/1"}],"replies":[{"embeddable":true,"href":"https:\/\/prologism-bckp.fr\/index.php\/wp-json\/wp\/v2\/comments?post=57"}],"version-history":[{"count":80,"href":"https:\/\/prologism-bckp.fr\/index.php\/wp-json\/wp\/v2\/pages\/57\/revisions"}],"predecessor-version":[{"id":1359,"href":"https:\/\/prologism-bckp.fr\/index.php\/wp-json\/wp\/v2\/pages\/57\/revisions\/1359"}],"wp:attachment":[{"href":"https:\/\/prologism-bckp.fr\/index.php\/wp-json\/wp\/v2\/media?parent=57"}],"curies":[{"name":"wp","href":"https:\/\/api.w.org\/{rel}","templated":true}]}}