{"id":1147,"date":"2019-02-15T15:01:53","date_gmt":"2019-02-15T14:01:53","guid":{"rendered":"https:\/\/www.prologism.fr\/?page_id=1147"},"modified":"2019-02-15T17:04:43","modified_gmt":"2019-02-15T16:04:43","slug":"i-want-to-sign-up","status":"publish","type":"page","link":"https:\/\/prologism-bckp.fr\/index.php\/en\/i-want-to-sign-up\/","title":{"rendered":"I want to sign up"},"content":{"rendered":"<p>[et_pb_section fb_built=\u00a0\u00bb1&Prime; _builder_version=\u00a0\u00bb3.0.90&Prime;][et_pb_row custom_padding=\u00a0\u00bb27px|0px|27px|0px\u00a0\u00bb _builder_version=\u00a0\u00bb3.0.90&Prime;][et_pb_column type=\u00a0\u00bb1_3&Prime; _builder_version=\u00a0\u00bb3.0.90&Prime; parallax=\u00a0\u00bboff\u00a0\u00bb parallax_method=\u00a0\u00bbon\u00a0\u00bb][et_pb_image src=\u00a0\u00bbhttp:\/\/www.prologism.fr\/wp-content\/uploads\/2017\/12\/accueil-illus-bloc2.png\u00a0\u00bb align=\u00a0\u00bbright\u00a0\u00bb _builder_version=\u00a0\u00bb3.0.90&Prime; box_shadow_style=\u00a0\u00bbpreset2&Prime;][\/et_pb_image][\/et_pb_column][et_pb_column type=\u00a0\u00bb2_3&Prime; _builder_version=\u00a0\u00bb3.0.90&Prime; parallax=\u00a0\u00bboff\u00a0\u00bb parallax_method=\u00a0\u00bbon\u00a0\u00bb][et_pb_text _builder_version=\u00a0\u00bb3.0.90&Prime;]<\/p>\n<h3>What should I expect?<\/h3>\n<h3>What\u00a0<span style=\"color: #027980;\"><strong>projects<\/strong> ?<\/span> will I work on?<\/h3>\n<h3>What about my <strong><span style=\"color: #027980;\">professional development<\/span><\/strong>, my <span style=\"color: #027980;\"><b>salary<\/b><\/span>?<\/h3>\n<h3>We answer your questions.<\/h3>\n<p>[\/et_pb_text][\/et_pb_column][\/et_pb_row][et_pb_row _builder_version=\u00a0\u00bb3.0.90&Prime;][et_pb_column type=\u00a0\u00bb1_2&Prime; _builder_version=\u00a0\u00bb3.0.90&Prime; parallax=\u00a0\u00bboff\u00a0\u00bb parallax_method=\u00a0\u00bbon\u00a0\u00bb][et_pb_text _builder_version=\u00a0\u00bb3.0.90&Prime;]<\/p>\n<h4><span style=\"color: #09b0bb;\"><strong>What kind of projects will I work on?<\/strong><\/span><\/h4>\n<p style=\"text-align: justify;\">Prologism mainly offers two types of project.<\/p>\n<p style=\"text-align: justify;\">The first type corresponds to long-term assignments (from 6 months to 3 years). As part of these assignments you will have the opportunity to deal with a subject <span style=\"color: #027980;\"><strong>in depth<\/strong><\/span>. In most cases, you will change subjects and roles during the assignment. By the same token, you will <span style=\"color: #027980;\"><strong>extend your scope of intervention<\/strong><\/span>, your skills and your responsibilities.<\/p>\n<p style=\"text-align: justify;\">The second type corresponds to assignments of shorter duration (from 2 weeks to a few months). These are often audit assignments that we call \u201cdiagnosis &#038; recommendations\u201d. You will always work as part of a team in a  <span style=\"color: #027980;\"><strong>\u201cone-off\u201d<\/strong><\/span>  operation on an information system to identify the problem areas at the origin of the incidents, and recommend an action plan adapted to <strong><span style=\"color: #027980;\">restore and maintain the quality of service<\/span><\/strong> of the system. These assignments can be carried out in parallel with longer assignments in agreement with our clients. They are always <span style=\"color: #027980;\"><strong>technically exciting<\/strong><\/span>, allow you to <span style=\"color: #027980;\"><strong>multiply your experiences<span>\u00a0<\/span><\/strong><span style=\"color: #666666;\">and<\/span><strong>\u00a0shape the team spirit<\/strong><\/span>.<\/span><\/p>\n<p>[\/et_pb_text][et_pb_text _builder_version=\u00a0\u00bb3.0.90&Prime;]<\/p>\n<h4><span style=\"color: #09b0bb;\"><strong>Will I be working with other Prologists?<\/strong><\/span><\/h4>\n<p style=\"text-align: justify;\">You will <span style=\"color: #027980;\"><strong> rarely be alone<\/strong><\/span> on your assignment.<\/p>\n<p style=\"text-align: justify;\">A lot of Prologists work together, whether on the same team or in different teams for the same client. Gradually, according to your assignments, you will meet and <span style=\"color: #027980;\"><strong>get to know<\/strong><\/span> all the Prologists.<\/span><\/p>\n<p style=\"text-align: justify;\">You will be regularly invited to Afterwork meetings with all the Prologists where you can have technical discussions but also just relax <span style=\"color: #027980;\"><strong>on a personal level<\/strong><\/span> over a drink.<\/p>\n<p>[\/et_pb_text][et_pb_text _builder_version=\u00a0\u00bb3.0.90&Prime;]<\/p>\n<h4><span style=\"color: #09b0bb;\"><strong>What is the compensation model?<\/strong><\/span><\/h4>\n<p style=\"text-align: justify;\">Prologism&rsquo;s compensation model is <span style=\"color: #027980;\"><strong>specific<\/strong> <\/span> and <span style=\"color: #027980;\"><strong>original<\/strong><\/span>.<\/p>\n<p style=\"text-align: justify;\">At first, you will be employed by Prologism and will receive a fixed salary.<\/p>\n<p style=\"text-align: justify;\">After a minimum period of two years, you will have the opportunity to apply, under certain conditions and on co-option, for the status of  <strong>\u00ab\u00a0future partner\u00a0\u00bb<\/strong>. This status gives access to the capital of the company after a further two years. It is based on a\u00a0<span><strong>variable compensation plan\u00a0<\/strong><\/span>made up of an individual part and a collective part.<\/p>\n<p style=\"text-align: justify;\">Two years later, you will become a shareholder of your company and will benefit from\u00a0<span style=\"color: #027980;\"><strong>distributed dividends<\/strong><\/span>.<\/p>\n<p>[\/et_pb_text][et_pb_text _builder_version=\u00a0\u00bb3.0.90&Prime;]<\/p>\n<h4><\/h4>\n<p>[\/et_pb_text][\/et_pb_column][et_pb_column type=\u00a0\u00bb1_2&Prime; _builder_version=\u00a0\u00bb3.0.90&Prime; parallax=\u00a0\u00bboff\u00a0\u00bb parallax_method=\u00a0\u00bbon\u00a0\u00bb][et_pb_text _builder_version=\u00a0\u00bb3.0.90&Prime;]<\/p>\n<h4 style=\"text-align: justify;\"><span style=\"color: #09b0bb;\"><strong>Will I be working in-house or at a client&rsquo;s?<\/strong><\/span><\/h4>\n<p style=\"text-align: justify;\">All long-term assignments, with rare exceptions, take place in our client&rsquo;s premises.<\/p>\n<p style=\"text-align: justify;\">Even if some assignments are fixed-rate, the main calculation method is time-rated <span style=\"color: #027980;\"><strong>technical assistance<\/strong><\/span>.<\/p>\n<p style=\"text-align: justify;\"><span style=\"font-size: 14px;\">Regardless of the method, you will attach great importance to the <span style=\"color: #027980;\"><strong>satisfaction of your client<\/strong><\/span>.<\/span><\/p>\n<p>[\/et_pb_text][et_pb_text _builder_version=\u00a0\u00bb3.0.90&Prime;]<\/p>\n<h4 style=\"text-align: justify;\"><span style=\"color: #09b0bb;\"><strong>Will I have my say in the choice of assignments?<\/strong><\/span><\/h4>\n<p style=\"text-align: justify;\"><span style=\"color: #027980;\"><strong>Yes<\/strong><\/span>.\u00a0The answer is clearly positive.<\/p>\n<p style=\"text-align: justify;\">All departures or assignment rotations are anticipated in order to offer you new opportunities.<\/p>\n<p style=\"text-align: justify;\">In collaboration with the General Manager and the Director of Operations, you will define\u00a0<span style=\"color: #027980;\"><strong>your ideal assignment<\/strong><\/span>.<\/p>\n<p style=\"text-align: justify;\"><span style=\"font-size: 14px;\">In most cases, you will be able to talk to a Prologist already at the client&rsquo;s place of work. In this way, you will be able to get a very precise idea of the assignment, even if we think that it is the Prologist who <span style=\"color: #027980;\"><strong>shapes his or her assignment<\/strong><\/span>.<\/span><\/p>\n<p>[\/et_pb_text][et_pb_text _builder_version=\u00a0\u00bb3.0.90&Prime;]<\/p>\n<h4 style=\"text-align: justify;\"><span style=\"color: #09b0bb;\"><strong>And if I want training?<\/strong><\/span><\/h4>\n<p>Training courses are chosen or suggested by you or your contact at any time.<\/p>\n<p>The choice of a training course, however, is based on simple principles.<\/p>\n<p><span style=\"font-size: 14px;\">It must be in line with the strategy and the technological axes retained by Prologism as well as with your personal choices of professional development.<\/span><\/p>\n<p>The training course can be technical but also <span style=\"color: #027980;\"><strong>methodological<\/strong><\/span> or for <span style=\"color: #027980;\"><strong>personal development<\/strong><\/span>.<\/p>\n<p>[\/et_pb_text][et_pb_text _builder_version=\u00a0\u00bb3.0.90&Prime;]<\/p>\n<h4><span style=\"color: #09b0bb;\"><strong>Will I have a manager?<\/strong><\/span><\/h4>\n<p style=\"text-align: justify;\">There is no management structure per se at Prologism.<\/p>\n<p style=\"text-align: justify;\">During your assignments, you will be in direct contact with our CEO, and sometimes with our CTO or Operations Manager. Always <span style=\"color: #027980;\"><strong>at your service<\/strong><\/span>, their role will be to help you to progress technically and develop your\u00a0<span style=\"color: #027980;\"><strong>life skills<\/strong><\/span>,<\/span><\/p>\n<p style=\"text-align: justify;\">they are also part-time consultants, with the exception of the CEO. They <span style=\"color: #027980;\"> <strong>know your job<\/strong><\/span>, your constraints and <strong><span style=\"color: #027980;\">your aspirations perfectly<\/span><\/strong>.<\/p>\n<p style=\"text-align: justify;\">\n[\/et_pb_text][\/et_pb_column][\/et_pb_row][\/et_pb_section]<\/p>\n","protected":false},"excerpt":{"rendered":"<p>What should I expect? What\u00a0projects ? will I work on? What about my professional development, my salary? We answer your questions. What kind of projects will I work on? Prologism mainly offers two types of project. The first type corresponds to long-term assignments (from 6 months to 3 years). As part of these assignments you [&hellip;]<\/p>\n","protected":false},"author":1,"featured_media":0,"parent":0,"menu_order":0,"comment_status":"closed","ping_status":"closed","template":"","meta":{"_et_pb_use_builder":"on","_et_pb_old_content":"Voici un exemple de page. Elle est diff\u00e9rente d\u2019un article de blog, en cela qu\u2019elle restera \u00e0 la m\u00eame place, et s\u2019affichera dans le menu de navigation de votre site (en fonction de votre th\u00e8me). La plupart des gens commencent par \u00e9crire une page \u00ab\u00a0\u00c0 Propos\u00a0\u00bb qui les pr\u00e9sente aux visiteurs potentiels du site. Vous pourriez y \u00e9crire quelque chose de ce tenant\u00a0:\r\n<blockquote>Bonjour\u00a0! Je suis un m\u00e9canicien qui aspire \u00e0 devenir un acteur, et ceci est mon blog. J\u2019habite \u00e0 Bordeaux, j\u2019ai un super chien qui s\u2019appelle Russell, et j\u2019aime la vodka-ananas (ainsi que perdre mon temps \u00e0 regarder la pluie tomber).<\/blockquote>\r\n...ou bien quelque chose comme cela\u00a0:\r\n<blockquote>La soci\u00e9t\u00e9 123 Machin Truc a \u00e9t\u00e9 cr\u00e9\u00e9e en 1971, et n\u2019a cess\u00e9 de proposer au public des machins-trucs de qualit\u00e9 depuis cette ann\u00e9e. Situ\u00e9e \u00e0 Saint-Remy-en-Bouzemont-Saint-Genest-et-Isson, 123 Machin Truc emploie 2\u00a0000 personnes, et fabrique toutes sortes de bidules super pour la communaut\u00e9 bouzemontoise.<\/blockquote>\r\n\u00c9tant donn\u00e9 que vous \u00eates un nouvel utilisateur ou une nouvelle utilisatrice de WordPress, vous devriez vous rendre sur votre <a href=\"http:\/\/wpress.prologism.fr\/wp-admin\/\">tableau de bord<\/a> pour effacer la pr\u00e9sente page, et cr\u00e9er de nouvelles pages avec votre propre contenu. Amusez-vous bien\u00a0!","_et_gb_content_width":"","footnotes":""},"class_list":["post-1147","page","type-page","status-publish","hentry"],"_links":{"self":[{"href":"https:\/\/prologism-bckp.fr\/index.php\/wp-json\/wp\/v2\/pages\/1147","targetHints":{"allow":["GET"]}}],"collection":[{"href":"https:\/\/prologism-bckp.fr\/index.php\/wp-json\/wp\/v2\/pages"}],"about":[{"href":"https:\/\/prologism-bckp.fr\/index.php\/wp-json\/wp\/v2\/types\/page"}],"author":[{"embeddable":true,"href":"https:\/\/prologism-bckp.fr\/index.php\/wp-json\/wp\/v2\/users\/1"}],"replies":[{"embeddable":true,"href":"https:\/\/prologism-bckp.fr\/index.php\/wp-json\/wp\/v2\/comments?post=1147"}],"version-history":[{"count":2,"href":"https:\/\/prologism-bckp.fr\/index.php\/wp-json\/wp\/v2\/pages\/1147\/revisions"}],"predecessor-version":[{"id":1149,"href":"https:\/\/prologism-bckp.fr\/index.php\/wp-json\/wp\/v2\/pages\/1147\/revisions\/1149"}],"wp:attachment":[{"href":"https:\/\/prologism-bckp.fr\/index.php\/wp-json\/wp\/v2\/media?parent=1147"}],"curies":[{"name":"wp","href":"https:\/\/api.w.org\/{rel}","templated":true}]}}